{"id":546,"date":"2020-09-01T08:35:06","date_gmt":"2020-09-01T08:35:06","guid":{"rendered":"http:\/\/ska.iaa.csic.es\/?page_id=546"},"modified":"2025-07-21T14:42:11","modified_gmt":"2025-07-21T12:42:11","slug":"inicio","status":"publish","type":"page","link":"https:\/\/ska-spain.es\/en\/","title":{"rendered":"Home"},"content":{"rendered":"<p>[et_pb_section fb_built=\u00bb1&#8243; _builder_version=\u00bb4.4.9&#8243; background_color=\u00bb#ffffff\u00bb z_index=\u00bb0&#8243; vertical_offset_tablet=\u00bb0px\u00bb vertical_offset_phone=\u00bb\u00bb vertical_offset_last_edited=\u00bbon|tablet\u00bb horizontal_offset_tablet=\u00bb0px\u00bb horizontal_offset_phone=\u00bb\u00bb horizontal_offset_last_edited=\u00bbon|tablet\u00bb position_origin_a_tablet=\u00bbcenter_center\u00bb position_origin_a_phone=\u00bb\u00bb position_origin_a_last_edited=\u00bbon|tablet\u00bb position_origin_f_tablet=\u00bb\u00bb position_origin_f_phone=\u00bb\u00bb position_origin_f_last_edited=\u00bbon|tablet\u00bb position_origin_r_tablet=\u00bb\u00bb position_origin_r_phone=\u00bb\u00bb position_origin_r_last_edited=\u00bbon|tablet\u00bb width=\u00bb100%\u00bb max_width=\u00bb100%\u00bb max_width_tablet=\u00bb100%\u00bb max_width_phone=\u00bb100%\u00bb max_width_last_edited=\u00bbon|phone\u00bb min_height=\u00bb384px\u00bb height=\u00bb357px\u00bb max_height=\u00bb384px\u00bb overflow-x=\u00bbvisible\u00bb overflow-y=\u00bbvisible\u00bb custom_margin=\u00bb-5px|0px|0px||false|false\u00bb custom_padding=\u00bb0px|0px|0px|0px|false|false\u00bb top_divider_height_tablet=\u00bb\u00bb top_divider_height_phone=\u00bb\u00bb top_divider_height_last_edited=\u00bbon|tablet\u00bb top_divider_flip_tablet=\u00bb\u00bb top_divider_flip_phone=\u00bb\u00bb top_divider_flip_last_edited=\u00bbon|desktop\u00bb positioning_tablet=\u00bbrelative\u00bb positioning_phone=\u00bb\u00bb positioning_last_edited=\u00bbon|phone\u00bb z_index_tablet=\u00bb0&#8243; module_alignment_tablet=\u00bbcenter\u00bb module_alignment_phone=\u00bbcenter\u00bb module_alignment_last_edited=\u00bbon|tablet\u00bb box_shadow_horizontal_tablet=\u00bb0px\u00bb box_shadow_vertical_tablet=\u00bb0px\u00bb box_shadow_blur_tablet=\u00bb40px\u00bb box_shadow_spread_tablet=\u00bb0px\u00bb][et_pb_row _builder_version=\u00bb4.4.9&#8243; positioning=\u00bbabsolute\u00bb position_origin_a=\u00bbcenter_center\u00bb vertical_offset=\u00bb0px\u00bb horizontal_offset=\u00bb0px\u00bb position_origin_a_tablet=\u00bbcenter_center\u00bb position_origin_a_phone=\u00bb\u00bb position_origin_a_last_edited=\u00bbon|desktop\u00bb position_origin_f_tablet=\u00bb\u00bb position_origin_f_phone=\u00bb\u00bb position_origin_f_last_edited=\u00bbon|desktop\u00bb position_origin_r_tablet=\u00bbtop_left\u00bb position_origin_r_phone=\u00bb\u00bb position_origin_r_last_edited=\u00bbon|desktop\u00bb width=\u00bb100%\u00bb width_tablet=\u00bb100%\u00bb width_phone=\u00bb\u00bb width_last_edited=\u00bbon|tablet\u00bb max_width=\u00bb1072px\u00bb min_height=\u00bb481px\u00bb height=\u00bb532px\u00bb max_height=\u00bb1000px\u00bb custom_margin=\u00bb28px|-3px|-27px|-3px|false|true\u00bb custom_padding=\u00bb4px||0px||false|true\u00bb positioning_tablet=\u00bbabsolute\u00bb positioning_phone=\u00bb\u00bb positioning_last_edited=\u00bbon|tablet\u00bb][et_pb_column type=\u00bb4_4&#8243; _builder_version=\u00bb4.4.9&#8243; custom_padding=\u00bb27px||0px||false|false\u00bb][et_pb_code _builder_version=\u00bb4.4.9&#8243; custom_margin=\u00bb||13px|||\u00bb global_module=\u00bb1743&#8243;]<script><!-- [et_pb_line_break_holder] -->jQuery(document).ready(function($) {<!-- [et_pb_line_break_holder] -->if ($('.dm-autoplay .et_pb_video_box').length !== 0) {<!-- [et_pb_line_break_holder] -->$('.dm-autoplay .et_pb_video_box').find('video').prop('muted', true);<!-- [et_pb_line_break_holder] -->$(\".dm-autoplay .et_pb_video_box\").find('video').attr('loop', 'loop');<!-- [et_pb_line_break_holder] -->$(\".dm-autoplay .et_pb_video_box\").find('video').attr('playsInline', '');<!-- [et_pb_line_break_holder] -->$(\".dm-autoplay .et_pb_video_box\").each(function() {<!-- [et_pb_line_break_holder] -->$(this).find('video').get(0).play();<!-- [et_pb_line_break_holder] -->});<!-- [et_pb_line_break_holder] -->$('.dm-autoplay .et_pb_video_box').find('video').removeAttr('controls');<!-- [et_pb_line_break_holder] -->}<!-- [et_pb_line_break_holder] -->});<!-- [et_pb_line_break_holder] --><\/script>[\/et_pb_code][et_pb_video src=\u00bbhttps:\/\/ska-spain.es\/wp-content\/uploads\/2023\/05\/Video_SKA_website_cut-online-video-cutter.com_.mp4&#8243; play_icon_color=\u00bb#e02b20&#8243; thumbnail_overlay_color=\u00bb#000000&#8243; admin_label=\u00bbV\u00eddeo\u00bb module_class=\u00bbdm-autoplay\u00bb _builder_version=\u00bb4.4.9&#8243; width=\u00bb100%\u00bb module_alignment=\u00bbcenter\u00bb min_height=\u00bb900px\u00bb custom_margin=\u00bb-14px||||false|false\u00bb custom_padding=\u00bb0px|||||\u00bb global_module=\u00bb1735&#8243;][\/et_pb_video][\/et_pb_column][\/et_pb_row][\/et_pb_section][et_pb_section fb_built=\u00bb1&#8243; _builder_version=\u00bb4.4.9&#8243; min_height=\u00bb75.7px\u00bb custom_padding=\u00bb||1px|||\u00bb][et_pb_row _builder_version=\u00bb4.4.9&#8243; min_height=\u00bb38.9px\u00bb custom_margin=\u00bb-66px|auto|-49px|auto||\u00bb custom_padding=\u00bb||3px|||\u00bb][et_pb_column type=\u00bb4_4&#8243; _builder_version=\u00bb4.4.9&#8243;][et_pb_text _builder_version=\u00bb4.4.9&#8243;]<\/p>\n<p>Credits: SKA Observatory<\/p>\n<p>[\/et_pb_text][\/et_pb_column][\/et_pb_row][\/et_pb_section][et_pb_section fb_built=\u00bb1&#8243; specialty=\u00bbon\u00bb _builder_version=\u00bb4.4.9&#8243; position_origin_a_tablet=\u00bb\u00bb position_origin_a_phone=\u00bb\u00bb position_origin_a_last_edited=\u00bbon|phone\u00bb position_origin_f_tablet=\u00bb\u00bb position_origin_f_phone=\u00bb\u00bb position_origin_f_last_edited=\u00bbon|phone\u00bb position_origin_r_tablet=\u00bb\u00bb position_origin_r_phone=\u00bb\u00bb position_origin_r_last_edited=\u00bbon|phone\u00bb min_height=\u00bb528px\u00bb custom_margin=\u00bb2px|||||\u00bb positioning_tablet=\u00bb\u00bb positioning_phone=\u00bb\u00bb positioning_last_edited=\u00bbon|tablet\u00bb][et_pb_column type=\u00bb1_2&#8243; specialty_columns=\u00bb2&#8243; _builder_version=\u00bb3.25&#8243; custom_padding=\u00bb|||\u00bb custom_padding__hover=\u00bb|||\u00bb][et_pb_row_inner disabled_on=\u00bboff|off|off\u00bb _builder_version=\u00bb4.4.9&#8243; background_color=\u00bbrgba(0,0,0,0)\u00bb background_size=\u00bbinitial\u00bb background_position=\u00bbtop_left\u00bb background_repeat=\u00bbrepeat\u00bb position_origin_a=\u00bbcenter_center\u00bb vertical_offset=\u00bb0px\u00bb horizontal_offset=\u00bb0px\u00bb vertical_offset_tablet=\u00bb0px\u00bb vertical_offset_phone=\u00bb\u00bb vertical_offset_last_edited=\u00bbon|tablet\u00bb horizontal_offset_tablet=\u00bb0px\u00bb horizontal_offset_phone=\u00bb\u00bb horizontal_offset_last_edited=\u00bbon|tablet\u00bb position_origin_a_tablet=\u00bb\u00bb position_origin_a_phone=\u00bb\u00bb position_origin_a_last_edited=\u00bbon|phone\u00bb position_origin_f_tablet=\u00bb\u00bb position_origin_f_phone=\u00bb\u00bb position_origin_f_last_edited=\u00bbon|phone\u00bb position_origin_r_tablet=\u00bb\u00bb position_origin_r_phone=\u00bb\u00bb position_origin_r_last_edited=\u00bbon|phone\u00bb width=\u00bb99.9%\u00bb min_height=\u00bb222px\u00bb height=\u00bb324px\u00bb custom_margin=\u00bb|0px|0px|auto|false|false\u00bb custom_padding=\u00bb0px||3px||false|false\u00bb positioning_tablet=\u00bb\u00bb positioning_phone=\u00bb\u00bb positioning_last_edited=\u00bbon|tablet\u00bb][et_pb_column_inner saved_specialty_column_type=\u00bb1_2&#8243; _builder_version=\u00bb3.25&#8243; custom_padding=\u00bb|||\u00bb custom_padding__hover=\u00bb|||\u00bb][et_pb_text _builder_version=\u00bb4.4.9&#8243; text_font=\u00bb|300|||||||\u00bb text_text_color=\u00bb#474747&#8243; text_font_size=\u00bb19px\u00bb header_font=\u00bb|700|||||||\u00bb header_text_color=\u00bb#ffffff\u00bb positioning=\u00bbrelative\u00bb position_origin_a=\u00bbcenter_center\u00bb vertical_offset=\u00bb0px\u00bb horizontal_offset=\u00bb0px\u00bb vertical_offset_tablet=\u00bb0px\u00bb vertical_offset_phone=\u00bb\u00bb vertical_offset_last_edited=\u00bbon|tablet\u00bb horizontal_offset_tablet=\u00bb0px\u00bb horizontal_offset_phone=\u00bb\u00bb horizontal_offset_last_edited=\u00bbon|tablet\u00bb position_origin_a_tablet=\u00bb\u00bb position_origin_a_phone=\u00bb\u00bb position_origin_a_last_edited=\u00bbon|phone\u00bb position_origin_f_tablet=\u00bb\u00bb position_origin_f_phone=\u00bb\u00bb position_origin_f_last_edited=\u00bbon|phone\u00bb position_origin_r_tablet=\u00bb\u00bb position_origin_r_phone=\u00bb\u00bb position_origin_r_last_edited=\u00bbon|phone\u00bb width=\u00bb100%\u00bb custom_margin=\u00bb||0px|||\u00bb custom_padding=\u00bb|0px||||\u00bb positioning_tablet=\u00bb\u00bb positioning_phone=\u00bb\u00bb positioning_last_edited=\u00bbon|phone\u00bb z_index_tablet=\u00bb0&#8243; text_text_shadow_horizontal_length_tablet=\u00bb0px\u00bb text_text_shadow_vertical_length_tablet=\u00bb0px\u00bb text_text_shadow_blur_strength_tablet=\u00bb1px\u00bb link_text_shadow_horizontal_length_tablet=\u00bb0px\u00bb link_text_shadow_vertical_length_tablet=\u00bb0px\u00bb link_text_shadow_blur_strength_tablet=\u00bb1px\u00bb ul_text_shadow_horizontal_length_tablet=\u00bb0px\u00bb ul_text_shadow_vertical_length_tablet=\u00bb0px\u00bb ul_text_shadow_blur_strength_tablet=\u00bb1px\u00bb ol_text_shadow_horizontal_length_tablet=\u00bb0px\u00bb ol_text_shadow_vertical_length_tablet=\u00bb0px\u00bb ol_text_shadow_blur_strength_tablet=\u00bb1px\u00bb quote_text_shadow_horizontal_length_tablet=\u00bb0px\u00bb quote_text_shadow_vertical_length_tablet=\u00bb0px\u00bb quote_text_shadow_blur_strength_tablet=\u00bb1px\u00bb header_text_shadow_horizontal_length_tablet=\u00bb0px\u00bb header_text_shadow_vertical_length_tablet=\u00bb0px\u00bb header_text_shadow_blur_strength_tablet=\u00bb1px\u00bb header_2_text_shadow_horizontal_length_tablet=\u00bb0px\u00bb header_2_text_shadow_vertical_length_tablet=\u00bb0px\u00bb header_2_text_shadow_blur_strength_tablet=\u00bb1px\u00bb header_3_text_shadow_horizontal_length_tablet=\u00bb0px\u00bb header_3_text_shadow_vertical_length_tablet=\u00bb0px\u00bb header_3_text_shadow_blur_strength_tablet=\u00bb1px\u00bb header_4_text_shadow_horizontal_length_tablet=\u00bb0px\u00bb header_4_text_shadow_vertical_length_tablet=\u00bb0px\u00bb header_4_text_shadow_blur_strength_tablet=\u00bb1px\u00bb header_5_text_shadow_horizontal_length_tablet=\u00bb0px\u00bb header_5_text_shadow_vertical_length_tablet=\u00bb0px\u00bb header_5_text_shadow_blur_strength_tablet=\u00bb1px\u00bb header_6_text_shadow_horizontal_length_tablet=\u00bb0px\u00bb header_6_text_shadow_vertical_length_tablet=\u00bb0px\u00bb header_6_text_shadow_blur_strength_tablet=\u00bb1px\u00bb box_shadow_horizontal_tablet=\u00bb0px\u00bb box_shadow_vertical_tablet=\u00bb0px\u00bb box_shadow_blur_tablet=\u00bb40px\u00bb box_shadow_spread_tablet=\u00bb0px\u00bb]<\/p>\n<p style=\"text-align: justify;\"><span style=\"font-weight: 400;\">The SKA project is an international initiative aiming to build and operate two next-generation radio interferometres that will transform our understanding of the Universe. They will provide answers to different fundamental questions in astronomy, astrobiology and fundamental physics, and Spain is one of the countries contributing to the project since its inception. The SKA Organisation was the entity in charge of the design and pre-construction activities of the telescopes, and Spain became one of its members in June 2018. Once the design phase was finished, the SKA Observatory (SKAO) was established in January 2021 as the Intergovernmental Organisation (IGO) with the mission of building and operating these radio interferometres. The SKAO consists of the Global Headquarters in the United Kingdom, with its two telescopes located in South Africa and Australia. In April 2023, Spain became the 9th member of the observatory.<\/span><\/p>\n<p>[\/et_pb_text][\/et_pb_column_inner][\/et_pb_row_inner][\/et_pb_column][et_pb_column type=\u00bb1_2&#8243; _builder_version=\u00bb3.25&#8243; custom_padding=\u00bb|||\u00bb custom_padding__hover=\u00bb|||\u00bb][et_pb_text _builder_version=\u00bb4.4.9&#8243; background_color=\u00bb#ffffff\u00bb custom_margin=\u00bb-5px||||false|false\u00bb custom_padding=\u00bb1px||0px|||\u00bb border_width_bottom=\u00bb1px\u00bb border_color_bottom=\u00bb#0c71c3&#8243;]<\/p>\n<h2>Latest News<\/h2>\n<p>[\/et_pb_text][et_pb_code _builder_version=\u00bb4.4.9&#8243; custom_margin=\u00bb-5px||||false|false\u00bb]<div class=\"display-posts-listing image-left\"><div class=\"listing-item\"><a class=\"title\" href=\"https:\/\/ska-spain.es\/en\/izaskun-jimenez-serra-premiada-por-su-excelencia-cientifica-en-astroquimica-y-su-liderazgo-internacional\/\">Izaskun Jim\u00e9nez-Serra, premiada por su excelencia cient\u00edfica en Astroqu\u00edmica y su liderazgo internacional<\/a> <span class=\"excerpt-dash\">-<\/span> <span class=\"excerpt\">La investigadora&hellip; <span class=\"excerpt-more\"><\/span><\/span><\/div><div class=\"listing-item\"><a class=\"title\" href=\"https:\/\/ska-spain.es\/en\/el-telescopio-ska-mid-cobra-vida-con-sus-primeras-franjas\/\">SKAO's telescope in South Africa 'comes alive' with first fringes milestone<\/a> <span class=\"excerpt-dash\">-<\/span> <span class=\"excerpt\">27\/01\/2026 -&hellip; <span class=\"excerpt-more\"><\/span><\/span><\/div><div class=\"listing-item\"><a class=\"title\" href=\"https:\/\/ska-spain.es\/en\/ska-spain-participa-en-dos-eventos-sobre-infraestructuras-de-investigacion-e-industria\/\">SKA-Spain participates in two events on research infrastructures and industry<\/a> <span class=\"excerpt-dash\">-<\/span> <span class=\"excerpt\">16\/01\/2026 -&hellip; <span class=\"excerpt-more\"><\/span><\/span><\/div><div class=\"listing-item\"><a class=\"title\" href=\"https:\/\/ska-spain.es\/en\/oportunidad-para-industria-ensamblaje-y-despliegue-de-antenas-ska-low\/\">Opportunity for Industry \u2013 SKA-Low Antenna Assembly &amp; Deployment<\/a> <span class=\"excerpt-dash\">-<\/span> <span class=\"excerpt\">08\/10\/25 Descripci\u00f3n&hellip; <span class=\"excerpt-more\"><\/span><\/span><\/div><div class=\"listing-item\"><a class=\"title\" href=\"https:\/\/ska-spain.es\/en\/oportunidad-para-industria-suministro-de-energia-para-el-radiotelescopio-ska-low-fase-2\/\">Opportunity for Industry \u2013 Power Supply for the SKA-Low Telescope (Phase 2)<\/a> <span class=\"excerpt-dash\">-<\/span> <span class=\"excerpt\">08\/10\/25 Descripci\u00f3n&hellip; <span class=\"excerpt-more\"><\/span><\/span><\/div><\/div>[\/et_pb_code][et_pb_text _builder_version=\u00bb4.4.9&#8243; custom_margin=\u00bb-5px||||false|false\u00bb]<\/p>\n<p><a href=\"https:\/\/ska-spain.es\/en\/noticias\/\">See all news &gt;&gt;<\/a><\/p>\n<p>[\/et_pb_text][\/et_pb_column][\/et_pb_section]<\/p>","protected":false},"excerpt":{"rendered":"<p>[et_pb_section fb_built=\u00bb1&#8243; _builder_version=\u00bb4.4.9&#8243; background_color=\u00bb#ffffff\u00bb z_index=\u00bb0&#8243; vertical_offset_tablet=\u00bb0px\u00bb vertical_offset_phone=\u00bb\u00bb vertical_offset_last_edited=\u00bbon|tablet\u00bb horizontal_offset_tablet=\u00bb0px\u00bb horizontal_offset_phone=\u00bb\u00bb horizontal_offset_last_edited=\u00bbon|tablet\u00bb position_origin_a_tablet=\u00bbcenter_center\u00bb position_origin_a_phone=\u00bb\u00bb position_origin_a_last_edited=\u00bbon|tablet\u00bb position_origin_f_tablet=\u00bb\u00bb position_origin_f_phone=\u00bb\u00bb position_origin_f_last_edited=\u00bbon|tablet\u00bb position_origin_r_tablet=\u00bb\u00bb position_origin_r_phone=\u00bb\u00bb position_origin_r_last_edited=\u00bbon|tablet\u00bb width=\u00bb100%\u00bb max_width=\u00bb100%\u00bb max_width_tablet=\u00bb100%\u00bb max_width_phone=\u00bb100%\u00bb max_width_last_edited=\u00bbon|phone\u00bb min_height=\u00bb384px\u00bb height=\u00bb357px\u00bb max_height=\u00bb384px\u00bb overflow-x=\u00bbvisible\u00bb overflow-y=\u00bbvisible\u00bb custom_margin=\u00bb-5px|0px|0px||false|false\u00bb custom_padding=\u00bb0px|0px|0px|0px|false|false\u00bb top_divider_height_tablet=\u00bb\u00bb top_divider_height_phone=\u00bb\u00bb top_divider_height_last_edited=\u00bbon|tablet\u00bb top_divider_flip_tablet=\u00bb\u00bb top_divider_flip_phone=\u00bb\u00bb top_divider_flip_last_edited=\u00bbon|desktop\u00bb positioning_tablet=\u00bbrelative\u00bb positioning_phone=\u00bb\u00bb positioning_last_edited=\u00bbon|phone\u00bb z_index_tablet=\u00bb0&#8243; module_alignment_tablet=\u00bbcenter\u00bb module_alignment_phone=\u00bbcenter\u00bb module_alignment_last_edited=\u00bbon|tablet\u00bb box_shadow_horizontal_tablet=\u00bb0px\u00bb box_shadow_vertical_tablet=\u00bb0px\u00bb box_shadow_blur_tablet=\u00bb40px\u00bb box_shadow_spread_tablet=\u00bb0px\u00bb][et_pb_row _builder_version=\u00bb4.4.9&#8243; positioning=\u00bbabsolute\u00bb position_origin_a=\u00bbcenter_center\u00bb vertical_offset=\u00bb0px\u00bb horizontal_offset=\u00bb0px\u00bb position_origin_a_tablet=\u00bbcenter_center\u00bb [&hellip;]<\/p>","protected":false},"author":1,"featured_media":0,"parent":0,"menu_order":0,"comment_status":"closed","ping_status":"closed","template":"","meta":{"_et_pb_use_builder":"on","_et_pb_old_content":"","_et_gb_content_width":"","footnotes":""},"class_list":["post-546","page","type-page","status-publish","hentry"],"yoast_head":"<!-- This site is optimized with the Yoast SEO plugin v26.0 - https:\/\/yoast.com\/wordpress\/plugins\/seo\/ -->\n<title>Inicio - SKA Spain<\/title>\n<meta name=\"description\" content=\"Descubre el papel de Espa\u00f1a en el proyecto SKA: avances cient\u00edficos, SKA Regional Centres, construcci\u00f3n, desarrollos tecnol\u00f3gicos,...\" \/>\n<meta name=\"robots\" content=\"index, follow, max-snippet:-1, max-image-preview:large, max-video-preview:-1\" \/>\n<link rel=\"canonical\" href=\"https:\/\/ska-spain.es\/en\/\" \/>\n<meta property=\"og:locale\" content=\"en_GB\" \/>\n<meta property=\"og:type\" content=\"article\" \/>\n<meta property=\"og:title\" content=\"Inicio - SKA Spain\" \/>\n<meta property=\"og:description\" content=\"Descubre el papel de Espa\u00f1a en el proyecto SKA: avances cient\u00edficos, SKA Regional Centres, construcci\u00f3n, desarrollos tecnol\u00f3gicos,...\" \/>\n<meta property=\"og:url\" content=\"https:\/\/ska-spain.es\/en\/\" \/>\n<meta property=\"og:site_name\" content=\"SKA Spain\" \/>\n<meta property=\"article:modified_time\" content=\"2025-07-21T12:42:11+00:00\" \/>\n<meta name=\"twitter:card\" content=\"summary_large_image\" \/>\n<meta name=\"twitter:label1\" content=\"Est. reading time\" \/>\n\t<meta name=\"twitter:data1\" content=\"2 minutes\" \/>\n<script type=\"application\/ld+json\" class=\"yoast-schema-graph\">{\"@context\":\"https:\/\/schema.org\",\"@graph\":[{\"@type\":\"WebPage\",\"@id\":\"https:\/\/ska-spain.es\/\",\"url\":\"https:\/\/ska-spain.es\/\",\"name\":\"Inicio - SKA Spain\",\"isPartOf\":{\"@id\":\"https:\/\/ska-spain.es\/#website\"},\"datePublished\":\"2020-09-01T08:35:06+00:00\",\"dateModified\":\"2025-07-21T12:42:11+00:00\",\"description\":\"Descubre el papel de Espa\u00f1a en el proyecto SKA: avances cient\u00edficos, SKA Regional Centres, construcci\u00f3n, desarrollos tecnol\u00f3gicos,...\",\"breadcrumb\":{\"@id\":\"https:\/\/ska-spain.es\/#breadcrumb\"},\"inLanguage\":\"en-GB\",\"potentialAction\":[{\"@type\":\"ReadAction\",\"target\":[\"https:\/\/ska-spain.es\/\"]}]},{\"@type\":\"BreadcrumbList\",\"@id\":\"https:\/\/ska-spain.es\/#breadcrumb\",\"itemListElement\":[{\"@type\":\"ListItem\",\"position\":1,\"name\":\"Home\",\"item\":\"https:\/\/ska-spain.es\/\"},{\"@type\":\"ListItem\",\"position\":2,\"name\":\"Inicio\"}]},{\"@type\":\"WebSite\",\"@id\":\"https:\/\/ska-spain.es\/#website\",\"url\":\"https:\/\/ska-spain.es\/\",\"name\":\"SKA Spain\",\"description\":\"SKA-Spain\",\"potentialAction\":[{\"@type\":\"SearchAction\",\"target\":{\"@type\":\"EntryPoint\",\"urlTemplate\":\"https:\/\/ska-spain.es\/?s={search_term_string}\"},\"query-input\":{\"@type\":\"PropertyValueSpecification\",\"valueRequired\":true,\"valueName\":\"search_term_string\"}}],\"inLanguage\":\"en-GB\"}]}<\/script>\n<!-- \/ Yoast SEO plugin. -->","yoast_head_json":{"title":"Inicio - SKA Spain","description":"Descubre el papel de Espa\u00f1a en el proyecto SKA: avances cient\u00edficos, SKA Regional Centres, construcci\u00f3n, desarrollos tecnol\u00f3gicos,...","robots":{"index":"index","follow":"follow","max-snippet":"max-snippet:-1","max-image-preview":"max-image-preview:large","max-video-preview":"max-video-preview:-1"},"canonical":"https:\/\/ska-spain.es\/en\/","og_locale":"en_GB","og_type":"article","og_title":"Inicio - SKA Spain","og_description":"Descubre el papel de Espa\u00f1a en el proyecto SKA: avances cient\u00edficos, SKA Regional Centres, construcci\u00f3n, desarrollos tecnol\u00f3gicos,...","og_url":"https:\/\/ska-spain.es\/en\/","og_site_name":"SKA Spain","article_modified_time":"2025-07-21T12:42:11+00:00","twitter_card":"summary_large_image","twitter_misc":{"Est. reading time":"2 minutes"},"schema":{"@context":"https:\/\/schema.org","@graph":[{"@type":"WebPage","@id":"https:\/\/ska-spain.es\/","url":"https:\/\/ska-spain.es\/","name":"Inicio - SKA Spain","isPartOf":{"@id":"https:\/\/ska-spain.es\/#website"},"datePublished":"2020-09-01T08:35:06+00:00","dateModified":"2025-07-21T12:42:11+00:00","description":"Descubre el papel de Espa\u00f1a en el proyecto SKA: avances cient\u00edficos, SKA Regional Centres, construcci\u00f3n, desarrollos tecnol\u00f3gicos,...","breadcrumb":{"@id":"https:\/\/ska-spain.es\/#breadcrumb"},"inLanguage":"en-GB","potentialAction":[{"@type":"ReadAction","target":["https:\/\/ska-spain.es\/"]}]},{"@type":"BreadcrumbList","@id":"https:\/\/ska-spain.es\/#breadcrumb","itemListElement":[{"@type":"ListItem","position":1,"name":"Home","item":"https:\/\/ska-spain.es\/"},{"@type":"ListItem","position":2,"name":"Inicio"}]},{"@type":"WebSite","@id":"https:\/\/ska-spain.es\/#website","url":"https:\/\/ska-spain.es\/","name":"SKA Spain","description":"SKA-Spain","potentialAction":[{"@type":"SearchAction","target":{"@type":"EntryPoint","urlTemplate":"https:\/\/ska-spain.es\/?s={search_term_string}"},"query-input":{"@type":"PropertyValueSpecification","valueRequired":true,"valueName":"search_term_string"}}],"inLanguage":"en-GB"}]}},"_links":{"self":[{"href":"https:\/\/ska-spain.es\/en\/wp-json\/wp\/v2\/pages\/546","targetHints":{"allow":["GET"]}}],"collection":[{"href":"https:\/\/ska-spain.es\/en\/wp-json\/wp\/v2\/pages"}],"about":[{"href":"https:\/\/ska-spain.es\/en\/wp-json\/wp\/v2\/types\/page"}],"author":[{"embeddable":true,"href":"https:\/\/ska-spain.es\/en\/wp-json\/wp\/v2\/users\/1"}],"replies":[{"embeddable":true,"href":"https:\/\/ska-spain.es\/en\/wp-json\/wp\/v2\/comments?post=546"}],"version-history":[{"count":149,"href":"https:\/\/ska-spain.es\/en\/wp-json\/wp\/v2\/pages\/546\/revisions"}],"predecessor-version":[{"id":2358,"href":"https:\/\/ska-spain.es\/en\/wp-json\/wp\/v2\/pages\/546\/revisions\/2358"}],"wp:attachment":[{"href":"https:\/\/ska-spain.es\/en\/wp-json\/wp\/v2\/media?parent=546"}],"curies":[{"name":"wp","href":"https:\/\/api.w.org\/{rel}","templated":true}]}}