{"id":236,"date":"2020-06-03T13:50:36","date_gmt":"2020-06-03T13:50:36","guid":{"rendered":"http:\/\/ska.iaa.csic.es\/?page_id=236"},"modified":"2025-07-21T14:56:02","modified_gmt":"2025-07-21T12:56:02","slug":"participacion-tecnologica-en-el-ska","status":"publish","type":"page","link":"https:\/\/ska-spain.es\/en\/participacion-tecnologica-en-el-ska\/","title":{"rendered":"Technological participation in the SKA"},"content":{"rendered":"<p>[et_pb_section fb_built=\u00bb1&#8243; admin_label=\u00bbsection\u00bb _builder_version=\u00bb3.22&#8243;][et_pb_row admin_label=\u00bbrow\u00bb _builder_version=\u00bb3.25&#8243; background_size=\u00bbinitial\u00bb background_position=\u00bbtop_left\u00bb background_repeat=\u00bbrepeat\u00bb][et_pb_column type=\u00bb4_4&#8243; _builder_version=\u00bb3.25&#8243; custom_padding=\u00bb|||\u00bb custom_padding__hover=\u00bb|||\u00bb][et_pb_text admin_label=\u00bbText\u00bb _builder_version=\u00bb4.4.9&#8243; background_size=\u00bbinitial\u00bb background_position=\u00bbtop_left\u00bb background_repeat=\u00bbrepeat\u00bb]<\/p>\n<h1 style=\"text-align: justify;\">Participation in the SKA design and construction<\/h1>\n<div id=\"attachment_243\" style=\"width: 559px\" class=\"wp-caption alignleft\"><img loading=\"lazy\" decoding=\"async\" aria-describedby=\"caption-attachment-243\" class=\"wp-image-243\" src=\"https:\/\/ska.iaa.csic.es\/wp-content\/uploads\/2020\/06\/ska-technology.jpg\" alt=\"\" width=\"549\" height=\"352\" srcset=\"https:\/\/ska-spain.es\/wp-content\/uploads\/2020\/06\/ska-technology.jpg 811w, https:\/\/ska-spain.es\/wp-content\/uploads\/2020\/06\/ska-technology-300x192.jpg 300w, https:\/\/ska-spain.es\/wp-content\/uploads\/2020\/06\/ska-technology-768x492.jpg 768w\" sizes=\"auto, (max-width: 549px) 100vw, 549px\" \/><p id=\"caption-attachment-243\" class=\"wp-caption-text\">Background, SKA artistic composition at night showing SKA-Mid and SKA-Low (Credits: SKA Observatory). Center, image of a Phased Array Feed (Credits: CSRIO). Lower left, world map of the SKA Regional Centres Network that will receive the data from the Science Data Pocessor (Credits: AENEAS)<\/p><\/div>\n<p style=\"text-align: justify;\" class=\"translation-block\">The construction and design of the SKA telescopes is an unprecedented technological challenge, involving more than 1000 scientists and engineers from more than 20 countries and 270 institutions across all continents. A total of 12 Spanish centres and 12 companies have participated in 8 of the 12 international SKA design consortia, from the beginning of the design phase until the closure of the design consortia once the System Critical Design Review was successfully passed (2013-2019): Dish, Central Signal Processor, Signal and Data Transport, Telescope Manager, Science Data Processor, Infrastructure Australia, Infrastructure South Africa and Phased Array Feeds. Participating institutions: Barcelona Supercomputing Center (<a href=\"https:\/\/www.bsc.es\/es\" target=\"_self\">BSC<\/a>), Fundacio\u0301n Centro de Supercomputacio\u0301n Castilla y Leo\u0301n (FCSCL, now <a href=\"https:\/\/www.scayle.es\/\" target=\"_self\">SCAYLE<\/a>), Instituto de Astrofi\u0301sica de Andaluci\u0301a (<a href=\"https:\/\/www.iaa.csic.es\/\" target=\"_self\">IAA-CSIC<\/a>), Instituto de Ciencias del Espacio (<a href=\"https:\/\/www.ice.csic.es\/\" target=\"_self\">ICE-CSIC<\/a>), Instituto de Fi\u0301sica de Cantabria (<a href=\"https:\/\/ifca.unican.es\/es-es\" target=\"_self\">IFCA-CSIC\/UC<\/a>), Instituto Geogra\u0301fico Nacional (<a href=\"https:\/\/astronomia.ign.es\/oan\/acercade\" target=\"_self\">IGN-OAN<\/a>), Plataforma Solar de Almeri\u0301a (<a href=\"https:\/\/www.psa.es\/es\/index.php\" target=\"_self\">PSA-CIEMAT<\/a>), Univ. de Cantabria (<a href=\"https:\/\/web.unican.es\/\" target=\"_self\">UC<\/a>), Univ. de Granada (<a href=\"https:\/\/www.ugr.es\/\" target=\"_self\">UGR<\/a>), Univ. Polite\u0301cnica de Madrid (<a href=\"https:\/\/www.upm.es\/\" target=\"_self\">UPM<\/a>), Univ. P\u00fablica de Navarra (<a href=\"https:\/\/www.unavarra.es\/portada\" target=\"_self\">UPNA<\/a>), and Univ. Polit\u00e9cnica de Valencia (<a href=\"https:\/\/www.upv.es\/\" target=\"_self\">UPV<\/a>). Companies: <a href=\"https:\/\/anteral.com\/\" target=\"_self\">Anteral<\/a>, Aora Solar Spain,  <a href=\"https:\/\/arraela.com\/\" target=\"_self\">Arraela<\/a>, CSP Sunless, <a href=\"https:\/\/www.dasphotonics.com\/\" target=\"_self\">Das Photonics<\/a>, <a href=\"https:\/\/gmv.com\/es-es\" target=\"_self\">GMV<\/a>, <a href=\"https:\/\/www.gtd.es\/es\" target=\"_self\">GTD<\/a>, <a href=\"https:\/\/www.igrid-td.com\/\" target=\"_self\">iGrid-TD<\/a>, <a href=\"https:\/\/www.isdefe.es\/\" target=\"_self\">ISDEFE<\/a>, <a href=\"https:\/\/www.safran-group.com\/es\" target=\"_self\">Seven Solutions<\/a>, <a href=\"https:\/\/www.torresolenergy.com\/\" target=\"_self\">Torresol Energy<\/a> y <a href=\"https:\/\/www.ttinorte.es\/\" target=\"_self\">TTI Norte<\/a>.<\/p>\n<p><span style=\"font-weight: 400;\">The following technologies have been developed and applied to the SKA project by the aforementioned companies and institutions:<\/span><\/p>\n<ul>\n<li style=\"font-weight: 400;\" aria-level=\"1\"><span style=\"text-decoration: underline;\"><span style=\"font-weight: 400;\">Frequency and time signal distribution:<\/span><\/span><span style=\"font-weight: 400;\"> Development of the White Rabbit technology for time and frequency distribution aimed at: i) improving reliability (x4); ii) developing a prototype for 10G support for both data and synchronisation; and iii) improving the firmware, equipment management, monitoring tools as well as different interoperability aspects.<\/span><\/li>\n<li style=\"font-weight: 400;\" aria-level=\"1\"><span style=\"text-decoration: underline;\"><span style=\"font-weight: 400;\">Scientific reproducibility:<\/span><\/span><span style=\"font-weight: 400;\"> Contribution to developing Open Science technologies for the SKA Observatory (SKAO) telescopes, e.g., by studying how to incorporate the Data Provenance information from its Science Data processor (SDP) or the definition of the data models and the characterisation of the SDP data so that they are interoperable with Virtual Observatory standards.<\/span><\/li>\n<li style=\"font-weight: 400;\" aria-level=\"1\"><span style=\"text-decoration: underline;\"><span style=\"font-weight: 400;\">Band receivers:<\/span><\/span><span style=\"font-weight: 400;\"> Developments of the cryogenic low noise amplifiers for frequencies between 2.8-15.3 GHz.<\/span><\/li>\n<li style=\"font-weight: 400;\" aria-level=\"1\"><span style=\"text-decoration: underline;\"><span style=\"font-weight: 400;\">Phased Array Feeds (PAF):<\/span><\/span><span style=\"font-weight: 400;\"> Development of cryogenically cooled feeds using cryogenic technology based on Pulsating Heat Pipes (PHPs), which provide high thermal conductivity and significantly increased efficiency. Also, technologies have been developed for electronic sky rotation, local monitoring and control for the digital back-end, and receiver measurements to be applied to PAF technology.<\/span><\/li>\n<li style=\"font-weight: 400;\" aria-level=\"1\"><span style=\"text-decoration: underline;\"><span style=\"font-weight: 400;\">Scientific platforms:<\/span><\/span><span style=\"font-weight: 400;\"> Contribution to build the European Open Science Cloud (EOSC) and the SKA Regional Centres international network (SRCNet). The team for the Spanish Prototype of SKA Regional Centre (espSRC) is developing and prototyping data distribution for the archives, JupyterHub services, testing SKA precursor and pathfinder data processing pipelines, and studying data transfer quality between different international research centres.<\/span><\/li>\n<li style=\"font-weight: 400;\" aria-level=\"1\"><span style=\"text-decoration: underline;\"><span style=\"font-weight: 400;\">FPGA design:<\/span><\/span><span style=\"font-weight: 400;\"> Development of a digital resampler using FPGAs (Field Programmable Gate Arrays) and designing its algorithms. This includes not only detailed design but also assembly, integration, and validation services.<\/span><\/li>\n<li style=\"font-weight: 400;\" aria-level=\"1\"><span style=\"text-decoration: underline;\">Renewable Energies:<\/span> Canalizaci\u00f3n de la experiencia tecnol\u00f3gica de Espa\u00f1a en el campo de energ\u00edas renovables para que se den a conocer en el marco del SKAO. Se particip\u00f3 adem\u00e1s en el proyecto europeo \u2018Biostirling4SKA: Improved efficiency and cost reduction of solar dish systems, with a pilot application as renewable energy option for the SKA telescope (FP7-309028)\u2019(<a href=\"https:\/\/www.youtube.com\/watch?v=1qx9S28xkII\">link <\/a>to documentary made as part of the project).  led by a Spanish company, aimed at studying the implementation of a new generation of Stirling-type solar dish plants based on hybridisation and efficient storage on an industrial scale.<\/li>\n<\/ul>\n<p style=\"text-align: justify;\"><span style=\"font-weight: 400;\">SKA construction began in July 2021, following its approval by the Observatory Council. This phase will last about 8 years and will be delivered in stages, each stage deploying a certain functionality as new arrays of antennas or Array Assemblies (AA) are integrated. The scientific community will begin to use these AA as they become operational, to carry out verifications not only for the instrument itself, but for the delivered scientific data. Science verification is foreseen to begin in 2026-2027. The Spanish Ministry of Science,Innovation and Universities (MICIU) announced an initial contribution of 41.4 million euros for the first 10 years for the SKA construction and operations. In March 2023, the Spanish Council of Ministers approved Spain's accession to the intergovernmental organisation, which became effective in June of the same year. This allows Spanish industry to bid for the different telescope construction contracts, previously agreed between the SKAO Council and Spain, in different areas. These areas include signal synchronisation and distribution, the construction of the sub-reflectors for the SKA-Mid dish antennas and different elements for the Band 1 and Band 5 receivers. Up until 2024, the signal synchronisation and distribution and the Band 1 control electronic package contracts have already been awarded to two national companies, and another two have been granted operations contracts through a competitive process. The tendering process for the construction contract of the sub-reflectors has also begun and several companies have already sent proposals.<\/span><\/p>\n<h2 style=\"text-align: left;\">Examples of Spanish industry participation \n in the SKA project<\/h2>\n<ul class=\"et_post_gallery clearfix\">\n\t\t\t\t\t<li class=\"et_gallery_item et_pb_gallery_image\">\n\t\t\t\t\t\t<a href=\"https:\/\/ska-spain.es\/wp-content\/uploads\/2024\/11\/BSBF_IMPACT_SPAIN_2_page-0001.jpg\" title=\"BSBF_IMPACT_SPAIN_2_page-0001\">\n\t\t\t\t\t\t\t<span class=\"et_portfolio_image\">\n\t\t\t\t\t\t\t\t<img loading=\"lazy\" decoding=\"async\" width=\"400\" height=\"284\" src=\"https:\/\/ska-spain.es\/wp-content\/uploads\/2024\/11\/BSBF_IMPACT_SPAIN_2_page-0001-400x284.jpg\" class=\"attachment-et-pb-portfolio-image size-et-pb-portfolio-image\" alt=\"\" \/>\n\t\t\t\t\t\t\t\t<span class=\"et_overlay\"><\/span>\n\t\t\t\t\t\t\t<\/span>\n\t\t\t\t\t\t<\/a>\n\t\t\t\t\t\t<p class=\"et_pb_gallery_caption\">UTC Signal distribution system for SKA-Low and SKA-Mid<\/p>\n\t\t\t\t\t<\/li><li class=\"et_gallery_item et_pb_gallery_image\">\n\t\t\t\t\t\t<a href=\"https:\/\/ska-spain.es\/wp-content\/uploads\/2024\/11\/BSBF_IMPACT_SPAIN_1_page-0001.jpg\" title=\"BSBF_IMPACT_SPAIN_1_page-0001\">\n\t\t\t\t\t\t\t<span class=\"et_portfolio_image\">\n\t\t\t\t\t\t\t\t<img loading=\"lazy\" decoding=\"async\" width=\"400\" height=\"284\" src=\"https:\/\/ska-spain.es\/wp-content\/uploads\/2024\/11\/BSBF_IMPACT_SPAIN_1_page-0001-400x284.jpg\" class=\"attachment-et-pb-portfolio-image size-et-pb-portfolio-image\" alt=\"\" \/>\n\t\t\t\t\t\t\t\t<span class=\"et_overlay\"><\/span>\n\t\t\t\t\t\t\t<\/span>\n\t\t\t\t\t\t<\/a>\n\t\t\t\t\t\t<p class=\"et_pb_gallery_caption\">Reverberation chamber for testing with SKA-Low<\/p>\n\t\t\t\t\t<\/li>\n\t\t\t\t<\/ul>\n<p>[\/et_pb_text][\/et_pb_column][\/et_pb_row][et_pb_row _builder_version=\u00bb4.4.9&#8243;][et_pb_column type=\u00bb4_4&#8243; _builder_version=\u00bb4.4.9&#8243;][et_pb_video src=\u00bbhttps:\/\/youtu.be\/haPaPQgzCLU\u00bb thumbnail_overlay_color=\u00bbrgba(0,0,0,0.6)\u00bb _builder_version=\u00bb4.4.9&#8243;][\/et_pb_video][et_pb_text _builder_version=\u00bb4.4.9&#8243;]<\/p>\n<p>Credits: SKA Observatory<\/p>\n<p>[\/et_pb_text][\/et_pb_column][\/et_pb_row][\/et_pb_section]<\/p>","protected":false},"excerpt":{"rendered":"<p>[et_pb_section fb_built=\u00bb1&#8243; admin_label=\u00bbsection\u00bb _builder_version=\u00bb3.22&#8243;][et_pb_row admin_label=\u00bbrow\u00bb _builder_version=\u00bb3.25&#8243; background_size=\u00bbinitial\u00bb background_position=\u00bbtop_left\u00bb background_repeat=\u00bbrepeat\u00bb][et_pb_column type=\u00bb4_4&#8243; _builder_version=\u00bb3.25&#8243; custom_padding=\u00bb|||\u00bb custom_padding__hover=\u00bb|||\u00bb][et_pb_text admin_label=\u00bbText\u00bb _builder_version=\u00bb4.4.9&#8243; background_size=\u00bbinitial\u00bb background_position=\u00bbtop_left\u00bb background_repeat=\u00bbrepeat\u00bb] Participaci\u00f3n en el dise\u00f1o y la construcci\u00f3n de SKA La construcci\u00f3n y el dise\u00f1o de los telescopios del SKA es un reto tecnol\u00f3gico sin precedentes, en el que trabajan conjuntamente m\u00e1s de 1000 cient\u00edficos e ingenieros de [&hellip;]<\/p>","protected":false},"author":1,"featured_media":0,"parent":0,"menu_order":0,"comment_status":"closed","ping_status":"closed","template":"","meta":{"_et_pb_use_builder":"on","_et_pb_old_content":"<p style=\"text-align: justify;\">El IAA-CSIC ha participado en los consorcios internacionales encargados del dise\u00f1o de los elementos denominados Procesador Cient\u00edfico de Datos (SDP, por sus siglas en ingl\u00e9s) e Infraestructuras (Sud\u00e1frica\/Australia). Asimismo, es miembro del consorcio internacional responsable del dise\u00f1o de los PAFs (Phased Array Feeds), parte del programa de instrumentaci\u00f3n avanzada del SKA.<\/p>\r\n\r\n\r\n[caption id=\"attachment_243\" align=\"alignleft\" width=\"549\"]<img class=\"wp-image-243\" src=\"http:\/\/ska.iaa.csic.es\/wp-content\/uploads\/2020\/06\/ska-technology.jpg\" alt=\"\" width=\"549\" height=\"352\" \/> Composici\u00f3n art\u00edstica del SKA por la noche mostrando SKA mid y SKA low (cr\u00e9dito: SKA Organisation). En la parte central se muestra una imagen de un PAF (cr\u00e9dito: CSIRO). Abajo a la izquierda se muestra un mapa con la red formada por los Centros Regionales del SKA (cr\u00e9dito: proyecto AENEAS), los cuales recibir\u00e1n los datos del Procesador Cient\u00edfico de Datos.[\/caption]\r\n<p style=\"text-align: justify;\">En el marco del Procesador Cient\u00edfico de Datos, ha contribuido al dise\u00f1o de los subsistemas del <i>SKA Preservation and Delivery,<\/i> destacando su participaci\u00f3n en la exploraci\u00f3n de soluciones para los sistemas incluidos en la interfaz entre el Procesador Cient\u00edfico de Datos y los Centros Regionales de SKA, as\u00ed como en, la definici\u00f3n de los modelos de datos y la caracterizaci\u00f3n de los datos del SDP de forma que sean interoperable con los est\u00e1ndares <a href=\"http:\/\/ivoa.net\">Observatorio Virtual<\/a>.<\/p>\r\nEl IAA-CSIC contribuye al desarrollo de hardware para las antenas de tipo plato que compondr\u00e1n el SKA a frecuencias intermedias. En particular, participa en el dise\u00f1o del <a href=\"https:\/\/www.skatelescope.org\/phased-array-feed\/\">Phased Array Feeds (PAFs)<\/a>, parte del Programa de Instrumentaci\u00f3n Avanzada del SKA, centr\u00e1ndose en soluciones de refrigeraci\u00f3n criog\u00e9nicas de bajo coste, transfiriendo la experiencia adquirida durante el dise\u00f1o mec\u00e1nico y criog\u00e9nico del canal NIR (infrarrojo cercano) del instrumento <a href=\"http:\/\/carmenes.iaa.es\/\">CARMENES<\/a>.\r\n<p style=\"text-align: justify;\">Dentro del elemento correspondiente a la Infraestructura, el IAA-CSIC fue invitado a participar en el \u00e1rea de energ\u00edas renovables, actuando de punto de contacto para canalizar la experiencia tecnol\u00f3gica de Espa\u00f1a en dicho campo al SKA. Entre las actividades llevadas a cabo, particip\u00f3 en el proyecto europeo\u00a0<a href=\"http:\/\/amiga.iaa.es\/p\/298-biostirling-4ska.htm\">Biostirling4SKA<\/a>, liderado por una empresa espa\u00f1ola, un proyecto piloto para estudiar la implementaci\u00f3n de una nueva generaci\u00f3n de plantas de discos solares de tipo Stirling rentables basadas en hibridaci\u00f3n y almacenamiento eficiente a escala industrial. Finalmente se particip\u00f3 en el consorcio internacional de Infraestructura-Australia y Infraestructura-Sud\u00e1frica.<\/p>\r\n<p style=\"text-align: justify;\"><\/p>","_et_gb_content_width":"","footnotes":""},"class_list":["post-236","page","type-page","status-publish","hentry"],"yoast_head":"<!-- This site is optimized with the Yoast SEO plugin v26.0 - https:\/\/yoast.com\/wordpress\/plugins\/seo\/ -->\n<title>Participaci\u00f3n tecnol\u00f3gica en el SKA - SKA Spain<\/title>\n<meta name=\"description\" content=\"Participaci\u00f3n tecnol\u00f3gica espa\u00f1ola en SKA (contribuci\u00f3n en instrumentaci\u00f3n, computaci\u00f3n, sincronizaci\u00f3n) y la participaci\u00f3n industrial en su construcci\u00f3n.\" \/>\n<meta name=\"robots\" content=\"index, follow, max-snippet:-1, max-image-preview:large, max-video-preview:-1\" \/>\n<link rel=\"canonical\" href=\"https:\/\/ska-spain.es\/en\/participacion-tecnologica-en-el-ska\/\" \/>\n<meta property=\"og:locale\" content=\"en_GB\" \/>\n<meta property=\"og:type\" content=\"article\" \/>\n<meta property=\"og:title\" content=\"Participaci\u00f3n tecnol\u00f3gica en el SKA - SKA Spain\" \/>\n<meta property=\"og:description\" content=\"Participaci\u00f3n tecnol\u00f3gica espa\u00f1ola en SKA (contribuci\u00f3n en instrumentaci\u00f3n, computaci\u00f3n, sincronizaci\u00f3n) y la participaci\u00f3n industrial en su construcci\u00f3n.\" \/>\n<meta property=\"og:url\" content=\"https:\/\/ska-spain.es\/en\/participacion-tecnologica-en-el-ska\/\" \/>\n<meta property=\"og:site_name\" content=\"SKA Spain\" \/>\n<meta property=\"article:modified_time\" content=\"2025-07-21T12:56:02+00:00\" \/>\n<meta property=\"og:image\" content=\"http:\/\/ska.iaa.csic.es\/wp-content\/uploads\/2020\/06\/ska-technology.jpg\" \/>\n<meta name=\"twitter:card\" content=\"summary_large_image\" \/>\n<meta name=\"twitter:label1\" content=\"Est. reading time\" \/>\n\t<meta name=\"twitter:data1\" content=\"5 minutes\" \/>\n<script type=\"application\/ld+json\" class=\"yoast-schema-graph\">{\"@context\":\"https:\/\/schema.org\",\"@graph\":[{\"@type\":\"WebPage\",\"@id\":\"https:\/\/ska-spain.es\/participacion-tecnologica-en-el-ska\/\",\"url\":\"https:\/\/ska-spain.es\/participacion-tecnologica-en-el-ska\/\",\"name\":\"Participaci\u00f3n tecnol\u00f3gica en el SKA - SKA Spain\",\"isPartOf\":{\"@id\":\"https:\/\/ska-spain.es\/#website\"},\"primaryImageOfPage\":{\"@id\":\"https:\/\/ska-spain.es\/participacion-tecnologica-en-el-ska\/#primaryimage\"},\"image\":{\"@id\":\"https:\/\/ska-spain.es\/participacion-tecnologica-en-el-ska\/#primaryimage\"},\"thumbnailUrl\":\"http:\/\/ska.iaa.csic.es\/wp-content\/uploads\/2020\/06\/ska-technology.jpg\",\"datePublished\":\"2020-06-03T13:50:36+00:00\",\"dateModified\":\"2025-07-21T12:56:02+00:00\",\"description\":\"Participaci\u00f3n tecnol\u00f3gica espa\u00f1ola en SKA (contribuci\u00f3n en instrumentaci\u00f3n, computaci\u00f3n, sincronizaci\u00f3n) y la participaci\u00f3n industrial en su construcci\u00f3n.\",\"breadcrumb\":{\"@id\":\"https:\/\/ska-spain.es\/participacion-tecnologica-en-el-ska\/#breadcrumb\"},\"inLanguage\":\"en-GB\",\"potentialAction\":[{\"@type\":\"ReadAction\",\"target\":[\"https:\/\/ska-spain.es\/participacion-tecnologica-en-el-ska\/\"]}]},{\"@type\":\"ImageObject\",\"inLanguage\":\"en-GB\",\"@id\":\"https:\/\/ska-spain.es\/participacion-tecnologica-en-el-ska\/#primaryimage\",\"url\":\"http:\/\/ska.iaa.csic.es\/wp-content\/uploads\/2020\/06\/ska-technology.jpg\",\"contentUrl\":\"http:\/\/ska.iaa.csic.es\/wp-content\/uploads\/2020\/06\/ska-technology.jpg\"},{\"@type\":\"BreadcrumbList\",\"@id\":\"https:\/\/ska-spain.es\/participacion-tecnologica-en-el-ska\/#breadcrumb\",\"itemListElement\":[{\"@type\":\"ListItem\",\"position\":1,\"name\":\"Home\",\"item\":\"https:\/\/ska-spain.es\/\"},{\"@type\":\"ListItem\",\"position\":2,\"name\":\"Participaci\u00f3n tecnol\u00f3gica en el SKA\"}]},{\"@type\":\"WebSite\",\"@id\":\"https:\/\/ska-spain.es\/#website\",\"url\":\"https:\/\/ska-spain.es\/\",\"name\":\"SKA Spain\",\"description\":\"SKA-Spain\",\"potentialAction\":[{\"@type\":\"SearchAction\",\"target\":{\"@type\":\"EntryPoint\",\"urlTemplate\":\"https:\/\/ska-spain.es\/?s={search_term_string}\"},\"query-input\":{\"@type\":\"PropertyValueSpecification\",\"valueRequired\":true,\"valueName\":\"search_term_string\"}}],\"inLanguage\":\"en-GB\"}]}<\/script>\n<!-- \/ Yoast SEO plugin. -->","yoast_head_json":{"title":"Participaci\u00f3n tecnol\u00f3gica en el SKA - SKA Spain","description":"Participaci\u00f3n tecnol\u00f3gica espa\u00f1ola en SKA (contribuci\u00f3n en instrumentaci\u00f3n, computaci\u00f3n, sincronizaci\u00f3n) y la participaci\u00f3n industrial en su construcci\u00f3n.","robots":{"index":"index","follow":"follow","max-snippet":"max-snippet:-1","max-image-preview":"max-image-preview:large","max-video-preview":"max-video-preview:-1"},"canonical":"https:\/\/ska-spain.es\/en\/participacion-tecnologica-en-el-ska\/","og_locale":"en_GB","og_type":"article","og_title":"Participaci\u00f3n tecnol\u00f3gica en el SKA - SKA Spain","og_description":"Participaci\u00f3n tecnol\u00f3gica espa\u00f1ola en SKA (contribuci\u00f3n en instrumentaci\u00f3n, computaci\u00f3n, sincronizaci\u00f3n) y la participaci\u00f3n industrial en su construcci\u00f3n.","og_url":"https:\/\/ska-spain.es\/en\/participacion-tecnologica-en-el-ska\/","og_site_name":"SKA Spain","article_modified_time":"2025-07-21T12:56:02+00:00","og_image":[{"url":"http:\/\/ska.iaa.csic.es\/wp-content\/uploads\/2020\/06\/ska-technology.jpg","type":"","width":"","height":""}],"twitter_card":"summary_large_image","twitter_misc":{"Est. reading time":"5 minutes"},"schema":{"@context":"https:\/\/schema.org","@graph":[{"@type":"WebPage","@id":"https:\/\/ska-spain.es\/participacion-tecnologica-en-el-ska\/","url":"https:\/\/ska-spain.es\/participacion-tecnologica-en-el-ska\/","name":"Participaci\u00f3n tecnol\u00f3gica en el SKA - SKA Spain","isPartOf":{"@id":"https:\/\/ska-spain.es\/#website"},"primaryImageOfPage":{"@id":"https:\/\/ska-spain.es\/participacion-tecnologica-en-el-ska\/#primaryimage"},"image":{"@id":"https:\/\/ska-spain.es\/participacion-tecnologica-en-el-ska\/#primaryimage"},"thumbnailUrl":"http:\/\/ska.iaa.csic.es\/wp-content\/uploads\/2020\/06\/ska-technology.jpg","datePublished":"2020-06-03T13:50:36+00:00","dateModified":"2025-07-21T12:56:02+00:00","description":"Participaci\u00f3n tecnol\u00f3gica espa\u00f1ola en SKA (contribuci\u00f3n en instrumentaci\u00f3n, computaci\u00f3n, sincronizaci\u00f3n) y la participaci\u00f3n industrial en su construcci\u00f3n.","breadcrumb":{"@id":"https:\/\/ska-spain.es\/participacion-tecnologica-en-el-ska\/#breadcrumb"},"inLanguage":"en-GB","potentialAction":[{"@type":"ReadAction","target":["https:\/\/ska-spain.es\/participacion-tecnologica-en-el-ska\/"]}]},{"@type":"ImageObject","inLanguage":"en-GB","@id":"https:\/\/ska-spain.es\/participacion-tecnologica-en-el-ska\/#primaryimage","url":"http:\/\/ska.iaa.csic.es\/wp-content\/uploads\/2020\/06\/ska-technology.jpg","contentUrl":"http:\/\/ska.iaa.csic.es\/wp-content\/uploads\/2020\/06\/ska-technology.jpg"},{"@type":"BreadcrumbList","@id":"https:\/\/ska-spain.es\/participacion-tecnologica-en-el-ska\/#breadcrumb","itemListElement":[{"@type":"ListItem","position":1,"name":"Home","item":"https:\/\/ska-spain.es\/"},{"@type":"ListItem","position":2,"name":"Participaci\u00f3n tecnol\u00f3gica en el SKA"}]},{"@type":"WebSite","@id":"https:\/\/ska-spain.es\/#website","url":"https:\/\/ska-spain.es\/","name":"SKA Spain","description":"SKA-Spain","potentialAction":[{"@type":"SearchAction","target":{"@type":"EntryPoint","urlTemplate":"https:\/\/ska-spain.es\/?s={search_term_string}"},"query-input":{"@type":"PropertyValueSpecification","valueRequired":true,"valueName":"search_term_string"}}],"inLanguage":"en-GB"}]}},"_links":{"self":[{"href":"https:\/\/ska-spain.es\/en\/wp-json\/wp\/v2\/pages\/236","targetHints":{"allow":["GET"]}}],"collection":[{"href":"https:\/\/ska-spain.es\/en\/wp-json\/wp\/v2\/pages"}],"about":[{"href":"https:\/\/ska-spain.es\/en\/wp-json\/wp\/v2\/types\/page"}],"author":[{"embeddable":true,"href":"https:\/\/ska-spain.es\/en\/wp-json\/wp\/v2\/users\/1"}],"replies":[{"embeddable":true,"href":"https:\/\/ska-spain.es\/en\/wp-json\/wp\/v2\/comments?post=236"}],"version-history":[{"count":44,"href":"https:\/\/ska-spain.es\/en\/wp-json\/wp\/v2\/pages\/236\/revisions"}],"predecessor-version":[{"id":2363,"href":"https:\/\/ska-spain.es\/en\/wp-json\/wp\/v2\/pages\/236\/revisions\/2363"}],"wp:attachment":[{"href":"https:\/\/ska-spain.es\/en\/wp-json\/wp\/v2\/media?parent=236"}],"curies":[{"name":"wp","href":"https:\/\/api.w.org\/{rel}","templated":true}]}}