{"id":217,"date":"2020-06-03T13:47:27","date_gmt":"2020-06-03T13:47:27","guid":{"rendered":"http:\/\/ska.iaa.csic.es\/?page_id=217"},"modified":"2025-07-21T14:46:53","modified_gmt":"2025-07-21T12:46:53","slug":"que-es-el-skao","status":"publish","type":"page","link":"https:\/\/ska-spain.es\/en\/que-es-el-skao\/","title":{"rendered":"The SKAO"},"content":{"rendered":"<p>[et_pb_section fb_built=\u00bb1&#8243; admin_label=\u00bbsection\u00bb _builder_version=\u00bb3.22&#8243;][et_pb_row _builder_version=\u00bb4.4.9&#8243;][et_pb_column type=\u00bb4_4&#8243; _builder_version=\u00bb4.4.9&#8243;][et_pb_text _builder_version=\u00bb4.4.9&#8243;]<\/p>\n<h1><span style=\"font-weight: 400;\">The SKA Observatory<\/span><\/h1>\n<p style=\"text-align: justify;\"><div id=\"attachment_765\" style=\"width: 610px\" class=\"wp-caption alignright\"><img loading=\"lazy\" decoding=\"async\" aria-describedby=\"caption-attachment-765\" src=\"https:\/\/ska-spain.es\/wp-content\/uploads\/2024\/06\/SKAO-Global-Map-June-2024.png\" width=\"1500\" height=\"844\" alt=\"\" class=\"wp-image-2064 alignnone size-full\" srcset=\"https:\/\/ska-spain.es\/wp-content\/uploads\/2024\/06\/SKAO-Global-Map-June-2024.png 1500w, https:\/\/ska-spain.es\/wp-content\/uploads\/2024\/06\/SKAO-Global-Map-June-2024-1280x720.png 1280w, https:\/\/ska-spain.es\/wp-content\/uploads\/2024\/06\/SKAO-Global-Map-June-2024-980x551.png 980w, https:\/\/ska-spain.es\/wp-content\/uploads\/2024\/06\/SKAO-Global-Map-June-2024-480x270.png 480w\" sizes=\"auto, (min-width: 0px) and (max-width: 480px) 480px, (min-width: 481px) and (max-width: 980px) 980px, (min-width: 981px) and (max-width: 1280px) 1280px, (min-width: 1281px) 1500px, 100vw\" \/><p id=\"caption-attachment-765\" class=\"wp-caption-text\">\u00a0World map representing the SKAO membership - Credit: SKA Observatory<\/p><\/div><\/p>\n<p style=\"text-align: justify;\" class=\"translation-block\">The <\/span><a href=\"http:\/\/www.skao.int\/\" target=\"_self\"><span style=\"font-weight: 400\">SKA Observatory<\/span><\/a> (SKAO) is an Intergovernmental Organisation (IGO), integrated by several countries from five continents, including Spain among its members. It is included in the <\/span><a href=\"https:\/\/roadmap2021.esfri.eu\/projects-and-landmarks\/\" target=\"_self\"><span style=\"font-weight: 400\">ESFRI<\/span><\/a><span style=\"font-weight: 400\"> Roadmap as a landmark research infrastructure. Its main goal is to build and operate two radio interferometers (<a href=\"https:\/\/www.skao.int\/en\/explore\/telescopes\/ska-mid\" target=\"_self\">SKA-Mid<\/a> and <a href=\"https:\/\/www.skao.int\/en\/explore\/telescopes\/ska-low\" target=\"_self\">SKA-Low<\/a>) with a sensitivity up to 8 times higher and a survey speed up to 135 times faster than currently operational similar instruments. This provides the potential for revolutionary contributions to astrophysics, astrobiology and fundamental physics. The SKAO will consist of the headquarters in the United Kingdom, and thousands of antennas spread over distances of up to 3000 kilometres across Africa and Australia. These will be connected via a fibre optic network to the central data processor , and this in turn to centres distributed worldwide that will enable the access, processing, and scientific analysis of the data.<\/p>\n<p style=\"text-align: justify;\"><div id=\"attachment_2063\" style=\"width: 660px\" class=\"wp-caption alignleft\"><img loading=\"lazy\" decoding=\"async\" aria-describedby=\"caption-attachment-2063\" src=\"https:\/\/ska-spain.es\/wp-content\/uploads\/2024\/06\/SKA_Telescopes_techdata.png\" width=\"1127\" height=\"862\" alt=\"\" class=\"wp-image-2063 size-full\" srcset=\"https:\/\/ska-spain.es\/wp-content\/uploads\/2024\/06\/SKA_Telescopes_techdata.png 1127w, https:\/\/ska-spain.es\/wp-content\/uploads\/2024\/06\/SKA_Telescopes_techdata-980x750.png 980w, https:\/\/ska-spain.es\/wp-content\/uploads\/2024\/06\/SKA_Telescopes_techdata-480x367.png 480w\" sizes=\"auto, (min-width: 0px) and (max-width: 480px) 480px, (min-width: 481px) and (max-width: 980px) 980px, (min-width: 981px) 1127px, 100vw\" \/><p id=\"caption-attachment-2063\" class=\"wp-caption-text\">Features of SKA Observatory telescopes \u2013 Credit: SKA Observatory<\/p><\/div><\/p>\n<p style=\"text-align: justify;\"><span>The unprecedented sensitivity of the SKA telescopes will enable astronomers to make advances in fields as varied as the formation and evolution of the first stars and galaxies after the Big Bang, the role of cosmic magnetism, the nature of gravity, or the search for life beyond Earth. The SKAO pursues a series of fundamental scientific goals: understanding the evolution of galaxies and how dark energy works, testing Einstein's theory of relativity using pulsars and black holes, investigating the origin of the large cosmic magnetic fields, studying the Dark Age of the Universe, and searching for complex molecules fundamental to the formation of life. Beyond these examples, the capabilities of the SKA telescopes in terms of sensitivity, angular resolution and wavelength range will open a new window into the unknown.<\/span><\/p>\n<p style=\"text-align: justify;\"><div id=\"attachment_861\" style=\"width: 610px\" class=\"wp-caption alignright\"><img loading=\"lazy\" decoding=\"async\" aria-describedby=\"caption-attachment-861\" src=\"https:\/\/ska-spain.es\/wp-content\/uploads\/2024\/06\/Esquema-SRCs.png\" width=\"954\" height=\"593\" alt=\"\" class=\"wp-image-2067 size-full\" srcset=\"https:\/\/ska-spain.es\/wp-content\/uploads\/2024\/06\/Esquema-SRCs.png 954w, https:\/\/ska-spain.es\/wp-content\/uploads\/2024\/06\/Esquema-SRCs-480x298.png 480w\" sizes=\"auto, (min-width: 0px) and (max-width: 480px) 480px, (min-width: 481px) 954px, 100vw\" \/><p id=\"caption-attachment-861\" class=\"wp-caption-text\">\u00a0SKA Observatory data flow - Credits: SKA Observatory<\/p><\/div><\/p>\n<p style=\"text-align: justify;\" class=\"translation-block\">The SKAO will be the international research infrastructure generating the largest amount of public scientific data: its antennas will produce more than 100 times the current Internet traffic, reaching the scale of exabytes. Thus, the SKAO is recognised as one of the Big Data challenges of the next decade. Extracting scientific knowledge from this enormous amount of data that the Observatory will generate constitutes a challenge that requires immense preparatory work. Its scientific exploitation will take place in the <a href=\"https:\/\/www.skao.int\/en\/science-users\/119\/ska-regional-centres\" target=\"_self\">SKA Regional Centres<\/a> (SRCs). The SRCs will be interconnected, forming an international network (SRCNet) that will receive about 600 petabytes per year of calibrated SKAO data. The SRCNet will constitute a collaborative platform that will allow scientists to share their research, facilitating the reproducibility of scientific analysis. The SRCs will be the contact point for users, hosting and facilitating access to the SKAO data, as well as to the tools and computing resources necessary to analyse them.<\/p>\n<p>[\/et_pb_text][\/et_pb_column][\/et_pb_row][\/et_pb_section]<\/p>","protected":false},"excerpt":{"rendered":"<p>[et_pb_section fb_built=\u00bb1&#8243; admin_label=\u00bbsection\u00bb _builder_version=\u00bb3.22&#8243;][et_pb_row _builder_version=\u00bb4.4.9&#8243;][et_pb_column type=\u00bb4_4&#8243; _builder_version=\u00bb4.4.9&#8243;][et_pb_text _builder_version=\u00bb4.4.9&#8243;] El Observatorio SKA El Observatorio SKA (SKAO) es una Organizaci\u00f3n Intergubernamental (IGO) formada por varios pa\u00edses de los 5 continentes, entre cuyos miembros se encuentra Espa\u00f1a. Est\u00e1 incluido en la hoja de ruta ESFRI como una infraestructura de investigaci\u00f3n \u2018Landmark\u2019 y su meta principal es construir y [&hellip;]<\/p>","protected":false},"author":1,"featured_media":0,"parent":0,"menu_order":0,"comment_status":"closed","ping_status":"closed","template":"","meta":{"_et_pb_use_builder":"on","_et_pb_old_content":"[caption id=\"attachment_338\" align=\"alignright\" width=\"512\"]<img class=\"wp-image-338\" src=\"http:\/\/ska.iaa.csic.es\/wp-content\/uploads\/2020\/06\/PW-2015-05-04-SKA-e1593854760452.jpg\" alt=\"\" width=\"512\" height=\"372\" \/> Imagen actual de la sede central en Reino Unido - Captura: SKA Organization[\/caption]\r\n<p style=\"text-align: justify;\"><a href=\"https:\/\/spain.skatelescope.org\/ska-project\/\">El Square Kilometre Array (SKA)<\/a> es un proyecto <a href=\"https:\/\/www.esfri.eu\/roadmap-2016\">ESFRI<\/a> para construir un radiointerfer\u00f3metro con un \u00e1rea colectora equivalente a 1 km\u00b2, y una sensibilidad y velocidad de barrido del cielo hasta 10.000 veces superiores a las de los radiointerfer\u00f3metros actuales, lo que le dotar\u00e1 de potencial para realizar contribuciones revolucionarias a la Astrof\u00edsica, Astrobiolog\u00eda y F\u00edsica fundamental. Constituira\u0301 la mayor infraestructura cienti\u0301fica sobre la tierra, con su sede central en Reino Unido, y miles de antenas extendidas en distancias de hasta 3.000 kilo\u0301metros distribuidas en dos continentes (<a href=\"https:\/\/www.skatelescope.org\/africa\/\">A\u0301frica <\/a>y <a href=\"https:\/\/www.skatelescope.org\/australia\/\">Oceani\u0301a<\/a>) que estar\u00e1n conectadas al procesador central de datos a trave\u0301s de una red de fibra o\u0301ptica, y con centros de procesamiento por todo el mundo.<\/p>\r\n<p style=\"text-align: justify;\">La sensibilidad sin precedentes del SKA permitir\u00e1 a los astr\u00f3nomos avanzar en campos tan variados como la formaci\u00f3n y evoluci\u00f3n de las primeras estrellas y galaxias despu\u00e9s del Big Bang, el papel del magnetismo c\u00f3smico, la naturaleza de la Gravedad, o la b\u00fasqueda de vida m\u00e1s all\u00e1 de la Tierra. El SKA persigue una serie de objetivos cient\u00edficos fundamentales: comprender la evoluci\u00f3n de galaxias y c\u00f3mo funciona la energ\u00eda oscura, poner a prueba la teor\u00eda de la relatividad de Einstein utilizando p\u00falsares y agujeros negros, indagar en el origen de los grandes campos magn\u00e9ticos c\u00f3smicos, estudiar la edad oscura del Universo, y buscar mol\u00e9culas complejas que son fundamentales para la formaci\u00f3n de vida. Y m\u00e1s all\u00e1 de estos ejemplos de ciencia transformacional, las capacidades del SKA en sensibilidad, resoluci\u00f3n angular, o amplio rango de longitud de onda, abrir\u00e1n una ventana a lo desconocido.<\/p>\r\n\r\n\r\n[caption id=\"attachment_242\" align=\"alignleft\" width=\"486\"]<img class=\"wp-image-242\" src=\"http:\/\/ska.iaa.csic.es\/wp-content\/uploads\/2020\/06\/image1-e1593854246258.png\" alt=\"\" width=\"486\" height=\"245\" \/> Representaci\u00f3n art\u00edstica de las antenas de Sud\u00e1frica - Captura: SKA Organization[\/caption]\r\n<p style=\"text-align: justify;\">SKA ser\u00e1 el mayor proyecto internacional de investigaci\u00f3n en generaci\u00f3n de datos p\u00fablicos: sus antenas producir\u00e1n m\u00e1s de 100 veces el tr\u00e1fico actual de internet, alcanzando la escala de los Exabytes, siendo reconocido como uno de los retos de Big Data (Datos Masivos) de la pr\u00f3xima d\u00e9cada. La extracci\u00f3n de conocimiento cient\u00edfico de esta enorme cantidad de datos que generar\u00e1 el Observatorio constituye un reto que requiere de un inmenso trabajo preparatorio. Su explotaci\u00f3n cient\u00edfica tendr\u00e1 lugar en los llamados Centros Regionales del SKA (SRCs, por sus siglas en ingl\u00e9s). Los SRCs estar\u00e1n interconectados entre s\u00ed, formando una red internacional que recibir\u00e1 del Observatorio del SKA 600 Petabytes al a\u00f1o de datos calibrados. La red de SRCs constituir\u00e1 una plataforma colaborativa que permitir\u00e1 a los cient\u00edficos compartir sus investigaciones, facilitando as\u00ed la reproducibilidad de los an\u00e1lisis cient\u00edficos. Los SRCs albergar\u00e1n y dar\u00e1n acceso a los datos del SKA, as\u00ed como a las herramientas y a los recursos de computaci\u00f3n necesarios para analizarlos cient\u00edficamente, proporcionando adem\u00e1s apoyo a los usuarios.<\/p>\r\n\r\n\r\n[caption id=\"attachment_228\" align=\"alignright\" width=\"307\"]<img class=\"wp-image-228\" src=\"http:\/\/ska.iaa.csic.es\/wp-content\/uploads\/2020\/06\/ska-3-sites-composite-e1593853851416.png\" alt=\"\" width=\"307\" height=\"435\" \/> Representaci\u00f3n art\u00edstica de las antenas de Australia - Captura: SKA Organization[\/caption]\r\n<p style=\"text-align: justify;\">En junio de 2018, Espa\u00f1a pas\u00f3 a formar parte de los <a href=\"https:\/\/spain.skatelescope.org\/ska-project\/participating-countries\/\">pa\u00edses miembros<\/a> de la <a href=\"https:\/\/spain.skatelescope.org\/ska-project\/la-organizacion-del-ska\/\">SKA Organisation (SKAO)<\/a>. La construcci\u00f3n del SKA es un desaf\u00edo tecnol\u00f3gico sin precedentes en el que trabajan conjuntamente m\u00e1s de 1000 cient\u00edficos e ingenieros de m\u00e1s de 20 pa\u00edses y 270 instituciones de los 5 continentes. La transici\u00f3n de la etapa de dise\u00f1o del SKA a la de construcci\u00f3n tiene su inicio en 2020. Esta ser\u00e1 secuencial, por tratarse de un interfer\u00f3metro, y en dicho periodo la comunidad cient\u00edfica empezar\u00e1 a utilizar una parte del instrumento para llevar a cabo su verificaci\u00f3n (comisionado cient\u00edfico).<\/p>\r\n<p style=\"text-align: justify;\">La comunidad cient\u00edfica se prepara para la ciencia que se podr\u00e1 realizar con el SKA participando en los <a href=\"https:\/\/spain.skatelescope.org\/espana-en-el-ska\/ciencia-basica-en-espana-con-ska\/participacion-espanola-en-los-grupos-de-ciencia-de-ska\/\">grupos cient\u00edficos del SKA<\/a> (SWG, por sus siglas en ingl\u00e9s) y usando telescopios <a href=\"https:\/\/spain.skatelescope.org\/ska-technology\/precursores-y-pathfinders\/\">precursores<\/a> (los telescopios que est\u00e1n ya situados en los futuros emplazamientos del SKA) y <a href=\"https:\/\/spain.skatelescope.org\/ska-technology\/precursores-y-pathfinders\/\">pathfinders<\/a> (aquellos radiotelescopios cuya tecnolog\u00eda puede ser relevante como preparaci\u00f3n para el SKA) que est\u00e1n operacionales en la actualidad.<\/p>","_et_gb_content_width":"","footnotes":""},"class_list":["post-217","page","type-page","status-publish","hentry"],"yoast_head":"<!-- This site is optimized with the Yoast SEO plugin v26.0 - https:\/\/yoast.com\/wordpress\/plugins\/seo\/ -->\n<title>El SKAO - SKA Spain<\/title>\n<meta name=\"description\" content=\"Conoce el Observatorio SKA, la organizaci\u00f3n intergubernamental dise\u00f1ada para explorar el universo con una sensibilidad sin precedentes.\" \/>\n<meta name=\"robots\" content=\"index, follow, max-snippet:-1, max-image-preview:large, max-video-preview:-1\" \/>\n<link rel=\"canonical\" href=\"https:\/\/ska-spain.es\/en\/que-es-el-skao\/\" \/>\n<meta property=\"og:locale\" content=\"en_GB\" \/>\n<meta property=\"og:type\" content=\"article\" \/>\n<meta property=\"og:title\" content=\"El SKAO - SKA Spain\" \/>\n<meta property=\"og:description\" content=\"Conoce el Observatorio SKA, la organizaci\u00f3n intergubernamental dise\u00f1ada para explorar el universo con una sensibilidad sin precedentes.\" \/>\n<meta property=\"og:url\" content=\"https:\/\/ska-spain.es\/en\/que-es-el-skao\/\" \/>\n<meta property=\"og:site_name\" content=\"SKA Spain\" \/>\n<meta property=\"article:modified_time\" content=\"2025-07-21T12:46:53+00:00\" \/>\n<meta property=\"og:image\" content=\"https:\/\/ska-spain.es\/wp-content\/uploads\/2024\/06\/SKAO-Global-Map-June-2024.png\" \/>\n\t<meta property=\"og:image:width\" content=\"1500\" \/>\n\t<meta property=\"og:image:height\" content=\"844\" \/>\n\t<meta property=\"og:image:type\" content=\"image\/png\" \/>\n<meta name=\"twitter:card\" content=\"summary_large_image\" \/>\n<meta name=\"twitter:label1\" content=\"Est. reading time\" \/>\n\t<meta name=\"twitter:data1\" content=\"3 minutes\" \/>\n<script type=\"application\/ld+json\" class=\"yoast-schema-graph\">{\"@context\":\"https:\/\/schema.org\",\"@graph\":[{\"@type\":\"WebPage\",\"@id\":\"https:\/\/ska-spain.es\/que-es-el-skao\/\",\"url\":\"https:\/\/ska-spain.es\/que-es-el-skao\/\",\"name\":\"El SKAO - SKA Spain\",\"isPartOf\":{\"@id\":\"https:\/\/ska-spain.es\/#website\"},\"primaryImageOfPage\":{\"@id\":\"https:\/\/ska-spain.es\/que-es-el-skao\/#primaryimage\"},\"image\":{\"@id\":\"https:\/\/ska-spain.es\/que-es-el-skao\/#primaryimage\"},\"thumbnailUrl\":\"https:\/\/ska-spain.es\/wp-content\/uploads\/2024\/06\/SKAO-Global-Map-June-2024.png\",\"datePublished\":\"2020-06-03T13:47:27+00:00\",\"dateModified\":\"2025-07-21T12:46:53+00:00\",\"description\":\"Conoce el Observatorio SKA, la organizaci\u00f3n intergubernamental dise\u00f1ada para explorar el universo con una sensibilidad sin precedentes.\",\"breadcrumb\":{\"@id\":\"https:\/\/ska-spain.es\/que-es-el-skao\/#breadcrumb\"},\"inLanguage\":\"en-GB\",\"potentialAction\":[{\"@type\":\"ReadAction\",\"target\":[\"https:\/\/ska-spain.es\/que-es-el-skao\/\"]}]},{\"@type\":\"ImageObject\",\"inLanguage\":\"en-GB\",\"@id\":\"https:\/\/ska-spain.es\/que-es-el-skao\/#primaryimage\",\"url\":\"https:\/\/ska-spain.es\/wp-content\/uploads\/2024\/06\/SKAO-Global-Map-June-2024.png\",\"contentUrl\":\"https:\/\/ska-spain.es\/wp-content\/uploads\/2024\/06\/SKAO-Global-Map-June-2024.png\"},{\"@type\":\"BreadcrumbList\",\"@id\":\"https:\/\/ska-spain.es\/que-es-el-skao\/#breadcrumb\",\"itemListElement\":[{\"@type\":\"ListItem\",\"position\":1,\"name\":\"Home\",\"item\":\"https:\/\/ska-spain.es\/\"},{\"@type\":\"ListItem\",\"position\":2,\"name\":\"El SKAO\"}]},{\"@type\":\"WebSite\",\"@id\":\"https:\/\/ska-spain.es\/#website\",\"url\":\"https:\/\/ska-spain.es\/\",\"name\":\"SKA Spain\",\"description\":\"SKA-Spain\",\"potentialAction\":[{\"@type\":\"SearchAction\",\"target\":{\"@type\":\"EntryPoint\",\"urlTemplate\":\"https:\/\/ska-spain.es\/?s={search_term_string}\"},\"query-input\":{\"@type\":\"PropertyValueSpecification\",\"valueRequired\":true,\"valueName\":\"search_term_string\"}}],\"inLanguage\":\"en-GB\"}]}<\/script>\n<!-- \/ Yoast SEO plugin. -->","yoast_head_json":{"title":"El SKAO - SKA Spain","description":"Conoce el Observatorio SKA, la organizaci\u00f3n intergubernamental dise\u00f1ada para explorar el universo con una sensibilidad sin precedentes.","robots":{"index":"index","follow":"follow","max-snippet":"max-snippet:-1","max-image-preview":"max-image-preview:large","max-video-preview":"max-video-preview:-1"},"canonical":"https:\/\/ska-spain.es\/en\/que-es-el-skao\/","og_locale":"en_GB","og_type":"article","og_title":"El SKAO - SKA Spain","og_description":"Conoce el Observatorio SKA, la organizaci\u00f3n intergubernamental dise\u00f1ada para explorar el universo con una sensibilidad sin precedentes.","og_url":"https:\/\/ska-spain.es\/en\/que-es-el-skao\/","og_site_name":"SKA Spain","article_modified_time":"2025-07-21T12:46:53+00:00","og_image":[{"width":1500,"height":844,"url":"https:\/\/ska-spain.es\/wp-content\/uploads\/2024\/06\/SKAO-Global-Map-June-2024.png","type":"image\/png"}],"twitter_card":"summary_large_image","twitter_misc":{"Est. reading time":"3 minutes"},"schema":{"@context":"https:\/\/schema.org","@graph":[{"@type":"WebPage","@id":"https:\/\/ska-spain.es\/que-es-el-skao\/","url":"https:\/\/ska-spain.es\/que-es-el-skao\/","name":"El SKAO - SKA Spain","isPartOf":{"@id":"https:\/\/ska-spain.es\/#website"},"primaryImageOfPage":{"@id":"https:\/\/ska-spain.es\/que-es-el-skao\/#primaryimage"},"image":{"@id":"https:\/\/ska-spain.es\/que-es-el-skao\/#primaryimage"},"thumbnailUrl":"https:\/\/ska-spain.es\/wp-content\/uploads\/2024\/06\/SKAO-Global-Map-June-2024.png","datePublished":"2020-06-03T13:47:27+00:00","dateModified":"2025-07-21T12:46:53+00:00","description":"Conoce el Observatorio SKA, la organizaci\u00f3n intergubernamental dise\u00f1ada para explorar el universo con una sensibilidad sin precedentes.","breadcrumb":{"@id":"https:\/\/ska-spain.es\/que-es-el-skao\/#breadcrumb"},"inLanguage":"en-GB","potentialAction":[{"@type":"ReadAction","target":["https:\/\/ska-spain.es\/que-es-el-skao\/"]}]},{"@type":"ImageObject","inLanguage":"en-GB","@id":"https:\/\/ska-spain.es\/que-es-el-skao\/#primaryimage","url":"https:\/\/ska-spain.es\/wp-content\/uploads\/2024\/06\/SKAO-Global-Map-June-2024.png","contentUrl":"https:\/\/ska-spain.es\/wp-content\/uploads\/2024\/06\/SKAO-Global-Map-June-2024.png"},{"@type":"BreadcrumbList","@id":"https:\/\/ska-spain.es\/que-es-el-skao\/#breadcrumb","itemListElement":[{"@type":"ListItem","position":1,"name":"Home","item":"https:\/\/ska-spain.es\/"},{"@type":"ListItem","position":2,"name":"El SKAO"}]},{"@type":"WebSite","@id":"https:\/\/ska-spain.es\/#website","url":"https:\/\/ska-spain.es\/","name":"SKA Spain","description":"SKA-Spain","potentialAction":[{"@type":"SearchAction","target":{"@type":"EntryPoint","urlTemplate":"https:\/\/ska-spain.es\/?s={search_term_string}"},"query-input":{"@type":"PropertyValueSpecification","valueRequired":true,"valueName":"search_term_string"}}],"inLanguage":"en-GB"}]}},"_links":{"self":[{"href":"https:\/\/ska-spain.es\/en\/wp-json\/wp\/v2\/pages\/217","targetHints":{"allow":["GET"]}}],"collection":[{"href":"https:\/\/ska-spain.es\/en\/wp-json\/wp\/v2\/pages"}],"about":[{"href":"https:\/\/ska-spain.es\/en\/wp-json\/wp\/v2\/types\/page"}],"author":[{"embeddable":true,"href":"https:\/\/ska-spain.es\/en\/wp-json\/wp\/v2\/users\/1"}],"replies":[{"embeddable":true,"href":"https:\/\/ska-spain.es\/en\/wp-json\/wp\/v2\/comments?post=217"}],"version-history":[{"count":82,"href":"https:\/\/ska-spain.es\/en\/wp-json\/wp\/v2\/pages\/217\/revisions"}],"predecessor-version":[{"id":2359,"href":"https:\/\/ska-spain.es\/en\/wp-json\/wp\/v2\/pages\/217\/revisions\/2359"}],"wp:attachment":[{"href":"https:\/\/ska-spain.es\/en\/wp-json\/wp\/v2\/media?parent=217"}],"curies":[{"name":"wp","href":"https:\/\/api.w.org\/{rel}","templated":true}]}}